{"id":32,"date":"2017-02-21T19:19:34","date_gmt":"2017-02-21T18:19:34","guid":{"rendered":"http:\/\/dummy.albertle.org\/?page_id=32"},"modified":"2025-12-19T14:47:11","modified_gmt":"2025-12-19T13:47:11","slug":"kunstbuch-und-katalogtexte","status":"publish","type":"page","link":"http:\/\/michael-ostheimer.de\/?page_id=32","title":{"rendered":"Kunstbuch- und Ausstellungstexte"},"content":{"rendered":"\n<p><strong>Rede zu Wang Yefu anl\u00e4sslich der Er\u00f6ffnung der Ausstellung &#8222;Luminary &#8211; Lichtung&#8220; mit Arbeiten von Silke Silkeborg und Wang Yefu in der &#8222;Parabel. Zentrum f\u00fcr Kunst in Hamburg&#8220; am 3. Dezember 2025<\/strong> (<a href=\"https:\/\/www.parabel.hamburg\/aktuelles\/detail\/eroeffnung-der-ausstellung-luminary-lichtung-rede-von-michael-ostheimer-zu-wang-yefu\" target=\"_blank\" rel=\"noreferrer noopener\">https:\/\/www.parabel.hamburg\/aktuelles\/detail\/eroeffnung-der-ausstellung-luminary-lichtung-rede-von-michael-ostheimer-zu-wang-yefu<\/a>).<\/p>\n\n\n\n<div style=\"height:60px\" aria-hidden=\"true\" class=\"wp-block-spacer\"><\/div>\n\n\n\n<p><strong>Vom Crostigall nach \u00fcberall. Zur Ausstellung im Ringelnatz-Geburtshaus in Wurzen im Crostigall 14<\/strong>, in: Joachim-Ringelnatz-Verein e. V. (Hg.): Vom Crostigall nach \u00fcberall, Mitteldeutscher Verlag 2023, S. 7-22 (mit Viola He\u00df).<\/p>\n\n\n\n<div style=\"height:62px\" aria-hidden=\"true\" class=\"wp-block-spacer\"><\/div>\n\n\n\n<p><strong>Michael Najjar: Ein k\u00fcnstlerischer Pionier im r\u00e4umlichen Unbewussten \/ Michael Najjar: An Artist-Pioneer in Spatial Unconscious<\/strong>, in: Michael Najjar: outer Space v2, Distanz Verlag 2021, S.&nbsp; 26-37.<\/p>\n\n\n\n<div style=\"height:60px\" aria-hidden=\"true\" class=\"wp-block-spacer\"><\/div>\n\n\n\n<p><strong>Mit geliehenen Augen. Landschaft | Landscape | Shanshui<\/strong>. Autoren: Ulrike M\u00fcnter, Michael Ostheimer; Herausgeber: Philipp Bollmann, Kerber Verlag 2020. Mit den Einleitungstexten &#8222;Was ist Landschaft?&#8220; und &#8222;Formen der Landschaft in der Sammlung Wemh\u00f6ner: Ost-West-Landschaften, Zeitlandschaften, k\u00fcnstliche Landschaften&#8220; sowie Texten zu den K\u00fcnstlern Isaac Julien, Nadav Kander, Masbedo, Michael Najjar.<\/p>\n\n\n\n<div style=\"height:60px\" aria-hidden=\"true\" class=\"wp-block-spacer\"><\/div>\n\n\n\n<p><strong>Hypervisualit\u00e4t. Sichtbarmachen des Unsichtbaren. Filmkunst aus der Sammlung Wemh\u00f6ner<\/strong>. Katalog zu der Ausstellung im Palazzo Dugnani, Mailand (4. bis 14. April 2019). Autor: Michael Ostheimer, hg. von Philipp Bollmann (erschienen April 2019). Mit Texten zu den K\u00fcnstlern Isaac Julien, Masbedo, Julian Rosefeldt, Yang Fudong (erschienen sind ferner eine englische und eine italienische Ausgabe).<\/p>\n\n\n\n<div style=\"height:60px\" aria-hidden=\"true\" class=\"wp-block-spacer\"><\/div>\n\n\n\n<p><strong>Yang Fudong: New Women<\/strong>. Autor: Michael Ostheimer, Herausgeber: Philipp Bollmann, Distanz Verlag 2018 (chinesisch, englisch, deutsch).<\/p>\n\n\n\n<div style=\"height:60px\" aria-hidden=\"true\" class=\"wp-block-spacer\"><\/div>\n\n\n\n<p><\/p>\n\n\n\n<p><strong>Sichtspiele. Filme und Videokunst aus der Sammlung Wemh\u00f6ner<\/strong>. Autor: Michael Ostheimer, Herausgeber: Philipp Bollmann, Distanz Verlag 2018. Mit Texten zu den K\u00fcnstlern: Julian Charri\u00e8re, Isaac Julien, Masbedo, Michael Najjar, Hans Op de Beeck, Alexandra Ranner, Julian Rosefeldt, Erik Schmidt, Yang Fudong. (Trailer: <a href=\"https:\/\/www.youtube.com\/watch?v=_YAAHXzNFRc\" target=\"_blank\" rel=\"noreferrer noopener\">https:\/\/www.youtube.com\/watch?v=_YAAHXzNFRc<\/a>; Kurzfilm: <a href=\"https:\/\/www.youtube.com\/watch?v=yW2IL0oVV1M\" target=\"_blank\" rel=\"noreferrer noopener\">https:\/\/www.youtube.com\/watch?v=yW2IL0oVV1M<span style=\"color: #000000;\">)<\/span><\/a><\/p>\n\n\n\n<div style=\"height:60px\" aria-hidden=\"true\" class=\"wp-block-spacer\"><\/div>\n\n\n\n<p><\/p>\n\n\n\n<p><strong>Sichtspiele. Films and Video Art from the Wemh\u00f6ner Collection<\/strong>. Author: Michael Ostheimer, Editor: Philipp Bollmann, Distanz Verlag 2018.<\/p>\n\n\n\n<div style=\"height:60px\" aria-hidden=\"true\" class=\"wp-block-spacer\"><\/div>\n\n\n\n<p><\/p>\n\n\n\n<p><strong>Satisfy me. Katalog zu der Ausstellung der Sammlung Wemh\u00f6ner in den &#8222;Kunstsaelen&#8220;<\/strong>, Berlin ( 3. Februar bis 31. M\u00e4rz 2018). Texte: Michael Ostheimer, hg. von Philipp Bollmann (erschienen M\u00e4rz 2018). Mit Texten zu den K\u00fcnstlern: Nevin Aladag, Kader Attia, Roger Ballen, Vanessa Beecroft, Monica Bonvicini, Birgit Brenner, Asta Gr\u00f6ting, Isaac Julien, Marc Lafia, Duane Michals, Andreas M\u00fche, Tim Noble &amp; Sue Webster, Xu Qu, Yang Fudong.<\/p>\n\n\n\n<div style=\"height:60px\" aria-hidden=\"true\" class=\"wp-block-spacer\"><\/div>\n\n\n\n<p><strong>Globale Embleme. Zu Marosch Schr\u00f6ders Pictopoems<\/strong> (<a href=\"http:\/\/maroschmschroeder.de\/index.php?article_id=26&amp;clang=0\">http:\/\/maroschmschroeder.de\/index.php?article_id=26&amp;clang=0<\/a>)<\/p>\n\n\n\n<p><\/p>\n","protected":false},"excerpt":{"rendered":"<p>Rede zu Wang Yefu anl\u00e4sslich der Er\u00f6ffnung der Ausstellung &#8222;Luminary &#8211; Lichtung&#8220; mit Arbeiten von Silke Silkeborg und Wang Yefu in der &#8222;Parabel. Zentrum f\u00fcr Kunst in Hamburg&#8220; am 3. Dezember 2025 (https:\/\/www.parabel.hamburg\/aktuelles\/detail\/eroeffnung-der-ausstellung-luminary-lichtung-rede-von-michael-ostheimer-zu-wang-yefu). Vom Crostigall nach \u00fcberall. Zur Ausstellung im Ringelnatz-Geburtshaus in Wurzen im Crostigall 14, in: Joachim-Ringelnatz-Verein e. V. (Hg.): Vom Crostigall nach \u00fcberall, [&hellip;]<\/p>\n","protected":false},"author":1,"featured_media":0,"parent":0,"menu_order":0,"comment_status":"closed","ping_status":"closed","template":"page-with-sidebar","meta":{"footnotes":""},"class_list":["post-32","page","type-page","status-publish","hentry"],"_links":{"self":[{"href":"http:\/\/michael-ostheimer.de\/index.php?rest_route=\/wp\/v2\/pages\/32","targetHints":{"allow":["GET"]}}],"collection":[{"href":"http:\/\/michael-ostheimer.de\/index.php?rest_route=\/wp\/v2\/pages"}],"about":[{"href":"http:\/\/michael-ostheimer.de\/index.php?rest_route=\/wp\/v2\/types\/page"}],"author":[{"embeddable":true,"href":"http:\/\/michael-ostheimer.de\/index.php?rest_route=\/wp\/v2\/users\/1"}],"replies":[{"embeddable":true,"href":"http:\/\/michael-ostheimer.de\/index.php?rest_route=%2Fwp%2Fv2%2Fcomments&post=32"}],"version-history":[{"count":31,"href":"http:\/\/michael-ostheimer.de\/index.php?rest_route=\/wp\/v2\/pages\/32\/revisions"}],"predecessor-version":[{"id":680,"href":"http:\/\/michael-ostheimer.de\/index.php?rest_route=\/wp\/v2\/pages\/32\/revisions\/680"}],"wp:attachment":[{"href":"http:\/\/michael-ostheimer.de\/index.php?rest_route=%2Fwp%2Fv2%2Fmedia&parent=32"}],"curies":[{"name":"wp","href":"https:\/\/api.w.org\/{rel}","templated":true}]}}