{"id":126,"date":"2017-03-20T10:40:08","date_gmt":"2017-03-20T10:40:08","guid":{"rendered":"http:\/\/michael-ostheimer.de\/?page_id=126"},"modified":"2024-02-21T17:48:16","modified_gmt":"2024-02-21T16:48:16","slug":"datenschutzerklaerung","status":"publish","type":"page","link":"http:\/\/michael-ostheimer.de\/?page_id=126","title":{"rendered":"Datenschutzerkl\u00e4rung"},"content":{"rendered":"<p>Datenschutzerkl\u00e4rung<\/p>\n<p>Ich\u00a0nehme den Schutz Ihrer pers\u00f6nlichen Daten sehr ernst und halte mich an die Regeln der Datenschutzgesetze. Die nachfolgende Erkl\u00e4rung gibt Ihnen einen \u00dcberblick dar\u00fcber, welche Art von Daten zu welchem Zweck erhoben werden und in welchem Umfang diese Daten Dritten zug\u00e4nglich gemacht werden.<\/p>\n<p>Datenverarbeitung Seite:<\/p>\n<p>In den unvermeidlichen Serverstatistiken werden automatisch solche Daten gespeichert, die Ihr Browser an mich \u00fcbermittelt. Dies sind:<br \/>\nBrowsertyp\/ -version<br \/>\nverwendetes Betriebssystem<br \/>\nReferrer URL (die zuvor besuchte Seite)<br \/>\nHostname des zugreifenden Rechners (IP Adresse)<br \/>\nUhrzeit der Serveranfrage.<\/p>\n<p>Diese Daten sind f\u00fcr mich in der Regel nicht bestimmten Personen zuordenbar. Eine Zusammenf\u00fchrung dieser Daten mit anderen Datenquellen wird nicht vorgenommen, die Daten werden zudem nach einer statistischen Auswertung gel\u00f6scht.<\/p>\n<p>Cookies<\/p>\n<p>Die Internetseiten verwenden an mehreren Stellen so genannte Cookies. Sie dienen dazu, das Blog nutzerfreundlicher, effektiver und sicherer zu machen. Cookies sind kleine Textdateien, die auf Ihrem Rechner abgelegt werden und die Ihr Browser speichert. Die meisten der von mir verwendeten Cookies sind so genannte \u201eSession-Cookies\u201c. Sie werden nach Ende Ihres Besuchs automatisch gel\u00f6scht. Cookies richten auf Ihrem Rechner keinen Schaden an und enthalten keine Viren.<\/p>\n<p>Kommentare, Emails<\/p>\n<p>Selbstverst\u00e4ndlich erfasse und speichere ich solche Informationen, die Sie auf der\u00a0Website eingeben oder mir in sonstiger Weise \u00fcbermitteln. Das betrifft etwa Kommentare, Namen, Email-Adressen und ULRs, die Sie in die entsprechenden Kommentarfelder eintragen. Diese Angaben geschehen freiwillig und werden in keiner Weise \u00fcberpr\u00fcft, die Verwendung von Pseudonymen etc. ist m\u00f6glich. Ich weise darauf hin, dass Name, angegebene Webseite und Kommentare f\u00fcr jeden Benutzer der Seite einzusehen sind.<br \/>\nDaten werden auch erfasst und gespeichert, wenn Sie E-Mails an mich senden.<\/p>\n<p>Auskunftsrecht<\/p>\n<p>Ich w\u00fcrde Ihnen gern Auskunft \u00fcber die bei mir gespeicherten pers\u00f6nlichen Daten geben. Wir wissen allerdings nicht mehr, als Sie auch. Dieses wenige Wissen teile ich im Rahmen der gesetzlichen Auskunftsanspr\u00fcche allerdings gern nochmals mit Ihnen.<\/p>\n<p>Wenn Sie weitere Fragen zur Behandlung Ihrer Daten haben, dann senden Sie einfach eine Mail an mich \u2013 die E-Mail-Adresse finden Sie\u00a0im Impressum.<\/p>\n","protected":false},"excerpt":{"rendered":"<p>Datenschutzerkl\u00e4rung Ich\u00a0nehme den Schutz Ihrer pers\u00f6nlichen Daten sehr ernst und halte mich an die Regeln der Datenschutzgesetze. Die nachfolgende Erkl\u00e4rung gibt Ihnen einen \u00dcberblick dar\u00fcber, welche Art von Daten zu welchem Zweck erhoben werden und in welchem Umfang diese Daten Dritten zug\u00e4nglich gemacht werden. Datenverarbeitung Seite: In den unvermeidlichen Serverstatistiken werden automatisch solche Daten gespeichert, [&hellip;]<\/p>\n","protected":false},"author":1,"featured_media":0,"parent":0,"menu_order":0,"comment_status":"closed","ping_status":"closed","template":"page-with-sidebar","meta":{"footnotes":""},"class_list":["post-126","page","type-page","status-publish","hentry"],"_links":{"self":[{"href":"http:\/\/michael-ostheimer.de\/index.php?rest_route=\/wp\/v2\/pages\/126","targetHints":{"allow":["GET"]}}],"collection":[{"href":"http:\/\/michael-ostheimer.de\/index.php?rest_route=\/wp\/v2\/pages"}],"about":[{"href":"http:\/\/michael-ostheimer.de\/index.php?rest_route=\/wp\/v2\/types\/page"}],"author":[{"embeddable":true,"href":"http:\/\/michael-ostheimer.de\/index.php?rest_route=\/wp\/v2\/users\/1"}],"replies":[{"embeddable":true,"href":"http:\/\/michael-ostheimer.de\/index.php?rest_route=%2Fwp%2Fv2%2Fcomments&post=126"}],"version-history":[{"count":1,"href":"http:\/\/michael-ostheimer.de\/index.php?rest_route=\/wp\/v2\/pages\/126\/revisions"}],"predecessor-version":[{"id":127,"href":"http:\/\/michael-ostheimer.de\/index.php?rest_route=\/wp\/v2\/pages\/126\/revisions\/127"}],"wp:attachment":[{"href":"http:\/\/michael-ostheimer.de\/index.php?rest_route=%2Fwp%2Fv2%2Fmedia&parent=126"}],"curies":[{"name":"wp","href":"https:\/\/api.w.org\/{rel}","templated":true}]}}